{"id":16884,"date":"2024-10-16T08:26:06","date_gmt":"2024-10-16T08:26:06","guid":{"rendered":"https:\/\/globalgate.com.tr\/?page_id=16884"},"modified":"2025-06-24T07:13:32","modified_gmt":"2025-06-24T07:13:32","slug":"interfiliere-new-york","status":"publish","type":"page","link":"https:\/\/globalgate.com.tr\/tr\/interfiliere-new-york\/","title":{"rendered":"Interfiliere New York"},"content":{"rendered":"\t\t<div data-elementor-type=\"wp-page\" data-elementor-id=\"16884\" class=\"elementor elementor-16884\">\n\t\t\t\t\t\t<section class=\"elementor-section elementor-top-section elementor-element elementor-element-62c3d89 elementor-section-height-min-height elementor-section-boxed elementor-section-height-default elementor-section-items-middle\" data-id=\"62c3d89\" data-element_type=\"section\" data-settings=\"{&quot;background_background&quot;:&quot;video&quot;,&quot;shape_divider_bottom&quot;:&quot;opacity-fan&quot;,&quot;background_video_link&quot;:&quot;https:\\\/\\\/www.youtube.com\\\/watch?v=Tk2dS4eMESY&quot;}\">\n\t\t\t\t\t\t\t\t<div class=\"elementor-background-video-container elementor-hidden-phone\">\n\t\t\t\t\t\t\t\t\t\t\t\t\t<div class=\"elementor-background-video-embed\"><\/div>\n\t\t\t\t\t\t\t\t\t\t\t\t<\/div>\n\t\t\t\t\t\t\t\t\t<div class=\"elementor-background-overlay\"><\/div>\n\t\t\t\t\t\t<div class=\"elementor-shape elementor-shape-bottom\" data-negative=\"false\">\n\t\t\t<svg xmlns=\"http:\/\/www.w3.org\/2000\/svg\" viewBox=\"0 0 283.5 19.6\" preserveAspectRatio=\"none\">\n\t<path class=\"elementor-shape-fill\" style=\"opacity:0.33\" d=\"M0 0L0 18.8 141.8 4.1 283.5 18.8 283.5 0z\"\/>\n\t<path class=\"elementor-shape-fill\" style=\"opacity:0.33\" d=\"M0 0L0 12.6 141.8 4 283.5 12.6 283.5 0z\"\/>\n\t<path class=\"elementor-shape-fill\" style=\"opacity:0.33\" d=\"M0 0L0 6.4 141.8 4 283.5 6.4 283.5 0z\"\/>\n\t<path class=\"elementor-shape-fill\" d=\"M0 0L0 1.2 141.8 4 283.5 1.2 283.5 0z\"\/>\n<\/svg>\t\t<\/div>\n\t\t\t\t\t<div class=\"elementor-container elementor-column-gap-default\">\n\t\t\t\t\t<div class=\"elementor-column elementor-col-100 elementor-top-column elementor-element elementor-element-1778d7b\" data-id=\"1778d7b\" data-element_type=\"column\">\n\t\t\t<div class=\"elementor-widget-wrap elementor-element-populated\">\n\t\t\t\t\t\t<section class=\"elementor-section elementor-inner-section elementor-element elementor-element-f8a74b1 elementor-section-boxed elementor-section-height-default elementor-section-height-default\" data-id=\"f8a74b1\" data-element_type=\"section\">\n\t\t\t\t\t\t<div class=\"elementor-container elementor-column-gap-default\">\n\t\t\t\t\t<div class=\"elementor-column elementor-col-100 elementor-inner-column elementor-element elementor-element-a15e5c9\" data-id=\"a15e5c9\" data-element_type=\"column\">\n\t\t\t<div class=\"elementor-widget-wrap elementor-element-populated\">\n\t\t\t\t\t\t<div class=\"elementor-element elementor-element-c7b0ed3 elementor-widget elementor-widget-hub_fancy_heading\" data-id=\"c7b0ed3\" data-element_type=\"widget\" data-widget_type=\"hub_fancy_heading.default\">\n\t\t\t\t<div class=\"elementor-widget-container\">\n\t\t\t\n\t\t<div id=\"ld-fancy-heading-6a003ee272bfe\" class=\"ld-fancy-heading pos-rel\">\n\t\t\t<h1 class=\"ld-fh-element d-inline-block pos-rel  elementor-heading-title lqd-highlight-classic lqd-highlight-grow-left h1\"  > INTERFILIERE NEW YORK<\/h1>\t\t<\/div>\n\n\t\t\t\t<\/div>\n\t\t\t\t<\/div>\n\t\t\t\t<div class=\"elementor-element elementor-element-e50ec70 elementor-widget elementor-widget-hub_fancy_heading\" data-id=\"e50ec70\" data-element_type=\"widget\" data-widget_type=\"hub_fancy_heading.default\">\n\t\t\t\t<div class=\"elementor-widget-container\">\n\t\t\t\n\t\t<div id=\"ld-fancy-heading-6a003ee272f19\" class=\"ld-fancy-heading pos-rel\">\n\t\t\t<h2 class=\"ld-fh-element d-inline-block pos-rel  elementor-heading-title ld-gradient-heading lqd-highlight-classic lqd-highlight-grow-left h2\"  > 4-5 \u015eubat 2026\n\n<\/h2>\t\t<\/div>\n\n\t\t\t\t<\/div>\n\t\t\t\t<\/div>\n\t\t\t\t<div class=\"elementor-element elementor-element-9a2c277 elementor-widget elementor-widget-ld_button\" data-id=\"9a2c277\" data-element_type=\"widget\" data-widget_type=\"ld_button.default\">\n\t\t\t\t<div class=\"elementor-widget-container\">\n\t\t\t\n\t\t\t<a\n\t\t\t\tclass=\"elementor-button btn btn-naked btn-icon-block btn-icon-circle btn-icon-md btn-icon-shaped btn-icon-solid btn-icon-ripple btn-no-label\" data-localscroll=\"1\" data-localscroll-options=\"{&quot;scrollBelowSection&quot;:true,&quot;scrollSpeed&quot;:&quot;1&quot;}\" href=\"#\"\t\t\t>\n\t\t\t\t\t\t\t\t\t\t\t\t\t\t<span class=\"btn-icon\">\n\t\t\t\t\t\t\t<i aria-hidden=\"true\" class=\"lqd-icn-ess icon-ion-ios-arrow-down\"><\/i>\t\t\t\t\t\t<\/span>\n\t\t\t\t\t\t\t\t\t<\/a>\n\t\t\t\t\t<\/div>\n\t\t\t\t<\/div>\n\t\t\t\t\t<\/div>\n\t\t<\/div>\n\t\t\t\t\t<\/div>\n\t\t<\/section>\n\t\t\t\t\t<\/div>\n\t\t<\/div>\n\t\t\t\t\t<\/div>\n\t\t<\/section>\n\t\t<div class=\"elementor-element elementor-element-602d38d e-flex e-con-boxed e-con e-parent\" data-id=\"602d38d\" data-element_type=\"container\">\n\t\t\t\t\t<div class=\"e-con-inner\">\n\t\t\t\t<div class=\"elementor-element elementor-element-cd8e095 elementor-widget elementor-widget-text-editor\" data-id=\"cd8e095\" data-element_type=\"widget\" data-widget_type=\"text-editor.default\">\n\t\t\t\t<div class=\"elementor-widget-container\">\n\t\t\t\t\t\t\t<p>\u0130\u00e7 giyim, mayo ve spor giyim sekt\u00f6rlerinin olmazsa olmaz uluslararas\u0131 fuar\u0131 olan Interfiliere New York , d\u00fcnyan\u0131n d\u00f6rt bir yan\u0131ndan bilinen markalar\u0131, tasar\u0131mc\u0131lar\u0131, yenilik\u00e7i fabrikalar\u0131 ve tedarik\u00e7ileri bir araya getirmektedir. Kuma\u015flar, danteller, nak\u0131\u015flar, aksesuarlar, lastikler, elyaf, teknoloji sekt\u00f6r\u00fcnden daha fazlas\u0131n\u0131n da bulundu\u011fu 70\u2019den fazla kat\u0131l\u0131mc\u0131 ile ger\u00e7ekle\u015fen bu fuar, her sene 1000\u2019den fazla ziyaret\u00e7iyi \u00e7ekmektedir. Fuar\u0131nda, \u00f6zellikle Kuzey Amerika pazar\u0131na odaklanan pazar e\u011filimleri ve gelecekteki yenilikler hakk\u0131nda de\u011ferli bilgiler de sunulmaktad\u0131r. Sizler de d\u00fcnyan\u0131n her yerinden sekt\u00f6r liderlerinin bir araya geldi\u011fi bu fuarda yerinizi al\u0131n.<\/p>\t\t\t\t\t\t<\/div>\n\t\t\t\t<\/div>\n\t\t\t\t<div class=\"elementor-element elementor-element-ac844af elementor-widget elementor-widget-ld_fancy_image\" data-id=\"ac844af\" data-element_type=\"widget\" data-widget_type=\"ld_fancy_image.default\">\n\t\t\t\t<div class=\"elementor-widget-container\">\n\t\t\t\n\t\t<div class=\"lqd-imggrp-single d-block pos-rel \">\n\t\t\t<div class=\"lqd-imggrp-img-container d-inline-flex pos-rel align-items-center justify-content-center \">\n\t\t\t\t\t\t\t\t<figure class=\"w-100 pos-rel\">\n\t\t\t\t\t<img fetchpriority=\"high\" decoding=\"async\" width=\"5000\" height=\"2812\" src=\"https:\/\/globalgate.com.tr\/wp-content\/uploads\/2024\/10\/INTERFILIERE-1-1.jpg\" class=\"attachment-full size-full wp-image-16910\" alt=\"\" srcset=\"https:\/\/globalgate.com.tr\/wp-content\/uploads\/2024\/10\/INTERFILIERE-1-1.jpg 5000w, https:\/\/globalgate.com.tr\/wp-content\/uploads\/2024\/10\/INTERFILIERE-1-1-300x169.jpg 300w, https:\/\/globalgate.com.tr\/wp-content\/uploads\/2024\/10\/INTERFILIERE-1-1-1024x576.jpg 1024w, https:\/\/globalgate.com.tr\/wp-content\/uploads\/2024\/10\/INTERFILIERE-1-1-1536x864.jpg 1536w, https:\/\/globalgate.com.tr\/wp-content\/uploads\/2024\/10\/INTERFILIERE-1-1-2048x1152.jpg 2048w\" sizes=\"(max-width: 5000px) 100vw, 5000px\" \/>\t\t\t\t\t\t\t\t\t\t\t\t\t\t\t\t\t\t\t\t\t\t\t\t\t\t\t\t\t<\/figure>\n\t\t\t<\/div>\n\t\t<\/div>\n\n\t\t\t<\/div>\n\t\t\t\t<\/div>\n\t\t\t\t\t<\/div>\n\t\t\t\t<\/div>\n\t\t\t\t<section class=\"elementor-section elementor-top-section elementor-element elementor-element-9ccf1c7 elementor-section-stretched elementor-section-content-middle elementor-section-height-min-height elementor-section-boxed elementor-section-height-default elementor-section-items-middle\" data-id=\"9ccf1c7\" data-element_type=\"section\" data-settings=\"{&quot;background_background&quot;:&quot;video&quot;,&quot;stretch_section&quot;:&quot;section-stretched&quot;,&quot;background_video_link&quot;:&quot;https:\\\/\\\/www.youtube.com\\\/watch?v=Tk2dS4eMESY&quot;}\">\n\t\t\t\t\t\t\t\t<div class=\"elementor-background-video-container elementor-hidden-phone\">\n\t\t\t\t\t\t\t\t\t\t\t\t\t<div class=\"elementor-background-video-embed\"><\/div>\n\t\t\t\t\t\t\t\t\t\t\t\t<\/div>\n\t\t\t\t\t\t\t\t\t<div class=\"elementor-background-overlay\"><\/div>\n\t\t\t\t\t\t\t<div class=\"elementor-container elementor-column-gap-no\">\n\t\t\t\t\t<div class=\"elementor-column elementor-col-100 elementor-top-column elementor-element elementor-element-67f6a98\" data-id=\"67f6a98\" data-element_type=\"column\">\n\t\t\t<div class=\"elementor-widget-wrap elementor-element-populated\">\n\t\t\t\t\t\t<div class=\"elementor-element elementor-element-9b6610c elementor-align-center elementor-mobile-align-center elementor-tablet-align-center elementor-widget elementor-widget-ld_button\" data-id=\"9b6610c\" data-element_type=\"widget\" data-widget_type=\"ld_button.default\">\n\t\t\t\t<div class=\"elementor-widget-container\">\n\t\t\t\n\t\t\t<a href=\"https:\/\/www.youtube.com\/watch?v=Tk2dS4eMESY\" target=\"_blank\" rel=\"nofollow noopener\" class=\"elementor-button btn btn-naked fresco btn-icon-block btn-icon-top btn-icon-circle btn-icon-custom-size btn-icon-shaped btn-icon-bordered btn-icon-border-thickest btn-icon-ripple btn-has-label\">\n\t\t\t\t\t\t\t\t\t<span data-text=\"Play Video\" class=\"btn-txt\">\n\t\t\t\t\t\tPlay Video\t\t\t\t\t<\/span>\n\t\t\t\t\t\t\t\t\t\t\t\t\t\t<span class=\"btn-icon\">\n\t\t\t\t\t\t\t<i aria-hidden=\"true\" class=\"lqd-icn-ess icon-ion-ios-play\"><\/i>\t\t\t\t\t\t<\/span>\n\t\t\t\t\t\t\t\t\t<\/a>\n\t\t\t\t\t<\/div>\n\t\t\t\t<\/div>\n\t\t\t\t\t<\/div>\n\t\t<\/div>\n\t\t\t\t\t<\/div>\n\t\t<\/section>\n\t\t\t\t<\/div>\n\t\t","protected":false},"excerpt":{"rendered":"<p>INTERFILIERE NEW YORK 4-5 \u015eubat 2026 \u0130\u00e7 giyim, mayo ve spor giyim sekt\u00f6rlerinin olmazsa olmaz uluslararas\u0131 fuar\u0131 olan Interfiliere New York , d\u00fcnyan\u0131n d\u00f6rt bir yan\u0131ndan bilinen markalar\u0131, tasar\u0131mc\u0131lar\u0131, yenilik\u00e7i fabrikalar\u0131 ve tedarik\u00e7ileri bir araya getirmektedir. Kuma\u015flar, danteller, nak\u0131\u015flar, aksesuarlar, lastikler, elyaf, teknoloji sekt\u00f6r\u00fcnden daha fazlas\u0131n\u0131n da bulundu\u011fu 70\u2019den fazla kat\u0131l\u0131mc\u0131 ile ger\u00e7ekle\u015fen bu fuar, [&hellip;]<\/p>\n","protected":false},"author":1,"featured_media":0,"parent":0,"menu_order":0,"comment_status":"closed","ping_status":"closed","template":"","meta":{"_themeisle_gutenberg_block_has_review":false,"footnotes":""},"class_list":["post-16884","page","type-page","status-publish","hentry"],"_links":{"self":[{"href":"https:\/\/globalgate.com.tr\/tr\/wp-json\/wp\/v2\/pages\/16884","targetHints":{"allow":["GET"]}}],"collection":[{"href":"https:\/\/globalgate.com.tr\/tr\/wp-json\/wp\/v2\/pages"}],"about":[{"href":"https:\/\/globalgate.com.tr\/tr\/wp-json\/wp\/v2\/types\/page"}],"author":[{"embeddable":true,"href":"https:\/\/globalgate.com.tr\/tr\/wp-json\/wp\/v2\/users\/1"}],"replies":[{"embeddable":true,"href":"https:\/\/globalgate.com.tr\/tr\/wp-json\/wp\/v2\/comments?post=16884"}],"version-history":[{"count":10,"href":"https:\/\/globalgate.com.tr\/tr\/wp-json\/wp\/v2\/pages\/16884\/revisions"}],"predecessor-version":[{"id":17623,"href":"https:\/\/globalgate.com.tr\/tr\/wp-json\/wp\/v2\/pages\/16884\/revisions\/17623"}],"wp:attachment":[{"href":"https:\/\/globalgate.com.tr\/tr\/wp-json\/wp\/v2\/media?parent=16884"}],"curies":[{"name":"wp","href":"https:\/\/api.w.org\/{rel}","templated":true}]}}